{"id":24254,"date":"2020-10-08T07:43:07","date_gmt":"2020-10-08T07:43:07","guid":{"rendered":"http:\/\/sckcertpolska.pl\/?page_id=24254"},"modified":"2024-12-18T11:27:11","modified_gmt":"2024-12-18T10:27:11","slug":"all-courses","status":"publish","type":"page","link":"https:\/\/sckcertpolska.pl\/?page_id=24254","title":{"rendered":"O nas"},"content":{"rendered":"\t\t<div data-elementor-type=\"wp-page\" data-elementor-id=\"24254\" class=\"elementor elementor-24254\">\n\t\t\t\t\t\t\t\t\t<section class=\"elementor-section elementor-top-section elementor-element elementor-element-025c1d1 elementor-section-boxed elementor-section-height-default elementor-section-height-default\" data-id=\"025c1d1\" data-element_type=\"section\">\n\t\t\t\t\t\t<div class=\"elementor-container elementor-column-gap-no\">\n\t\t\t\t\t<div class=\"elementor-column elementor-col-100 elementor-top-column elementor-element elementor-element-3c4c263\" data-id=\"3c4c263\" data-element_type=\"column\">\n\t\t\t<div class=\"elementor-widget-wrap elementor-element-populated\">\n\t\t\t\t\t\t\t\t<div class=\"elementor-element elementor-element-e6436db elementor-widget__width-auto elementor-widget elementor-widget-heading\" data-id=\"e6436db\" data-element_type=\"widget\" data-widget_type=\"heading.default\">\n\t\t\t\t<div class=\"elementor-widget-container\">\n\t\t\t<style>\/*! elementor - v3.17.0 - 01-11-2023 *\/\n.elementor-heading-title{padding:0;margin:0;line-height:1}.elementor-widget-heading .elementor-heading-title[class*=elementor-size-]>a{color:inherit;font-size:inherit;line-height:inherit}.elementor-widget-heading .elementor-heading-title.elementor-size-small{font-size:15px}.elementor-widget-heading .elementor-heading-title.elementor-size-medium{font-size:19px}.elementor-widget-heading .elementor-heading-title.elementor-size-large{font-size:29px}.elementor-widget-heading .elementor-heading-title.elementor-size-xl{font-size:39px}.elementor-widget-heading .elementor-heading-title.elementor-size-xxl{font-size:59px}<\/style><h1 class=\"elementor-heading-title elementor-size-default\">O NAS<\/h1>\t\t<\/div>\n\t\t\t\t<\/div>\n\t\t\t\t\t<\/div>\n\t\t<\/div>\n\t\t\t\t\t\t\t<\/div>\n\t\t<\/section>\n\t\t<div class=\"elementor-element elementor-element-f81f598 e-flex e-con-boxed e-con e-parent\" data-id=\"f81f598\" data-element_type=\"container\" data-settings=\"{&quot;background_background&quot;:&quot;classic&quot;,&quot;content_width&quot;:&quot;boxed&quot;}\" data-core-v316-plus=\"true\">\n\t\t\t\t\t<div class=\"e-con-inner\">\n\t\t<div class=\"elementor-element elementor-element-51ee044 e-con-full e-flex e-con e-child\" data-id=\"51ee044\" data-element_type=\"container\" data-settings=\"{&quot;content_width&quot;:&quot;full&quot;}\">\n\t\t\t\t<div class=\"elementor-element elementor-element-547b1d8 elementor-widget elementor-widget-text-editor\" data-id=\"547b1d8\" data-element_type=\"widget\" data-widget_type=\"text-editor.default\">\n\t\t\t\t<div class=\"elementor-widget-container\">\n\t\t\t<style>\/*! elementor - v3.17.0 - 01-11-2023 *\/\n.elementor-widget-text-editor.elementor-drop-cap-view-stacked .elementor-drop-cap{background-color:#69727d;color:#fff}.elementor-widget-text-editor.elementor-drop-cap-view-framed .elementor-drop-cap{color:#69727d;border:3px solid;background-color:transparent}.elementor-widget-text-editor:not(.elementor-drop-cap-view-default) .elementor-drop-cap{margin-top:8px}.elementor-widget-text-editor:not(.elementor-drop-cap-view-default) .elementor-drop-cap-letter{width:1em;height:1em}.elementor-widget-text-editor .elementor-drop-cap{float:left;text-align:center;line-height:1;font-size:50px}.elementor-widget-text-editor .elementor-drop-cap-letter{display:inline-block}<\/style>\t\t\t\t<div style=\"margin: 0px; padding: 0px; color: #85868c; font-family: Roboto, Helvetica, Arial, Verdana, sans-serif; font-size: 15px; background-color: #ffffff;\" data-hspacer=\"no_spacer\" data-halign=\"left\">\n<div style=\"margin: 0px; padding: 0px;\" data-ultimate-target=\".uvc-heading.ultimate-heading-25996543c90aa6d84 h2\" data-responsive-json-new=\"{&quot;font-size&quot;:&quot;desktop:26px;&quot;,&quot;line-height&quot;:&quot;desktop:32px;&quot;}\">\n<h2 style=\"color: #333333; font-style: normal; font-variant-numeric: normal; font-variant-east-asian: normal; font-variant-alternates: normal; font-kerning: auto; font-optical-sizing: auto; font-feature-settings: normal; font-variation-settings: normal; font-variant-position: normal; font-stretch: normal; font-size: 26px; line-height: 32px; font-family: 'Roboto Condensed', Helvetica, Arial, Verdana, sans-serif;\"><span style=\"margin: 0px; padding: 0px; vertical-align: inherit;\">Kim jeste\u015bmy<\/span><\/h2>\n<\/div>\n<\/div>\n<div style=\"margin: 0px; padding: 0px; background-color: #ffffff !important;\">\n<div style=\"margin: 0px; padding: 0px;\">\n<p style=\"color: #85868c; font-family: Roboto, Helvetica, Arial, Verdana, sans-serif; font-size: 15px; margin-bottom: 10px;\"><span style=\"margin: 0px; padding: 0px; vertical-align: inherit;\"><span style=\"margin: 0px; padding: 0px; vertical-align: inherit;\">&nbsp;<\/span><span style=\"margin: 0px; padding: 0px; vertical-align: inherit;\">Sp\u00f3\u0142ka SCK Cert Polska zosta\u0142a utworzona w celu \u015bwiadczenia us\u0142ug certyfikacji system\u00f3w zarz\u0105dzania jako\u015bci\u0105 w organizacjach.<\/span><\/span><\/p>\n<p style=\"margin-bottom: 10px;\"><span style=\"text-align: var(--text-align); font-size: 15px;\"><span style=\"color: #85868c; font-family: Roboto, Helvetica, Arial, Verdana, sans-serif;\">Dzia\u0142alno\u015b\u0107 SCK Cert Polska w zakresie certyfikacji system\u00f3w zarz\u0105dzania sk\u0142ada si\u0119 z szeregu dzia\u0142a\u0144 maj\u0105cych na celu ocen\u0119 zdolno\u015bci system\u00f3w zarz\u0105dzania organizacjom i tym samym zapewnienie podmiotom certyfikacji strony trzeciej. Szczeg\u00f3\u0142y dotycz\u0105ce r\u00f3\u017cnych system\u00f3w zarz\u0105dzania s\u0105 szczeg\u00f3\u0142owo om\u00f3wione w karcie \u201eCertyfikaty\u201d. Zgodno\u015b\u0107 jednego lub wi\u0119kszej liczby standard\u00f3w systemu zarz\u0105dzania organizacjom wykazuje, \u017ce zosta\u0142 wdro\u017cony i utrzymywany skuteczny system zarz\u0105dzania w obszarze okre\u015blonym w licencji\/certyfikacie oraz realizuje swoje procesy, dzia\u0142ania, operacje itp. zgodnie z tym system. Us\u0142ugi certyfikacyjne s\u0105 dost\u0119pne dla wszystkich wnioskodawc\u00f3w, kt\u00f3rzy chc\u0105 swoj\u0105 organizacj\u0119 wznie\u015b\u0107 na wy\u017cszy, mi\u0119dzynarodowy poziom zarz\u0105dzania.<\/span><\/span><\/p>\n<p style=\"margin-bottom: 10px;\"><span style=\"color: #85868c; font-family: Roboto, Helvetica, Arial, Verdana, sans-serif; font-size: 15px; font-style: inherit; font-weight: inherit; text-align: var(--text-align);\">Dzia\u0142alno\u015b\u0107 certyfikacyjna system\u00f3w SCK ASR&nbsp;prowadzona jest przez ca\u0142y personel firmy SCK ASR&nbsp;w oparciu o systematyczne, udokumentowane i jednolite procedury.<\/span><\/p>\n<p style=\"margin-bottom: 10px;\"><span style=\"margin: 0px; padding: 0px; vertical-align: inherit;\"><span style=\"text-align: var(--text-align); font-size: 15px;\"><span style=\"color: #85868c; font-family: Roboto, Helvetica, Arial, Verdana, sans-serif;\">SCK <\/span><\/span><span style=\"color: #85868c; font-family: Roboto, Helvetica, Arial, Verdana, sans-serif; font-size: 15px; text-align: var(--text-align);\">Cert Polska<\/span><span style=\"color: #85868c; font-family: Roboto, Helvetica, Arial, Verdana, sans-serif;\"><span style=\"font-size: 15px;\">&nbsp;(SCK ASR ) zobowi\u0105zuje si\u0119 do oferowania us\u0142ug certyfikacji i szkole\u0144 system\u00f3w zarz\u0105dzania wed\u0142ug najwy\u017cszych standard\u00f3w wszystkim organizacjom, bez jakiejkolwiek dyskryminacji, poprzez dostarczanie kompetentnych, sp\u00f3jnych, bezstronnych ocen zgodno\u015bci o warto\u015bci dodanej.<\/span><\/span><\/span><\/p>\n<p style=\"color: #85868c; font-family: Roboto, Helvetica, Arial, Verdana, sans-serif; font-size: 15px; margin-bottom: 10px;\"><span style=\"margin: 0px; padding: 0px; vertical-align: inherit;\">Pragniemy osi\u0105gn\u0105\u0107 nasze cele jako g\u0142\u00f3wna mi\u0119dzynarodowa, akredytowana jednostka certyfikuj\u0105ca i uznajemy, \u017ce skuteczne zarz\u0105dzanie naszymi klientami, naszym personelem, naszym procesem certyfikacji\/szkole\u0144 i wynikami biznesowymi ma sens biznesowy.<\/span><\/p>\n<p style=\"color: #85868c; font-family: Roboto, Helvetica, Arial, Verdana, sans-serif; font-size: 15px; margin-bottom: 10px;\"><span style=\"margin: 0px; padding: 0px; vertical-align: inherit;\">Chcemy to osi\u0105gn\u0105\u0107 poprzez: \u2013<\/span><\/p>\n<p style=\"color: #85868c; font-family: Roboto, Helvetica, Arial, Verdana, sans-serif; font-size: 15px; margin-bottom: 10px;\"><span style=\"margin: 0px; padding: 0px; vertical-align: inherit;\">Oferowanie us\u0142ug certyfikacyjnych i szkoleniowych zgodnie z norm\u0105 <br>ISO 17021-1:2015 w spos\u00f3b uczciwy, bezstronny i obiektywny dla wszystkich, kt\u00f3rzy chc\u0105 skorzysta\u0107 z naszych us\u0142ug,<\/span><\/p>\n<p style=\"color: #85868c; font-family: Roboto, Helvetica, Arial, Verdana, sans-serif; font-size: 15px; margin-bottom: 10px;\"><span style=\"margin: 0px; padding: 0px; vertical-align: inherit;\">Zapewnienie naszym klientom profesjonalnej us\u0142ugi, kt\u00f3ra jest postrzegana jako warto\u015b\u0107 dodana do ich dzia\u0142alno\u015bci i spe\u0142nia ich oczekiwania, Praktykowanie solidnych zasad certyfikacji i szkole\u0144 poprzez kompetentny personel.<\/span><\/p>\n<p style=\"color: #85868c; font-family: Roboto, Helvetica, Arial, Verdana, sans-serif; font-size: 15px; margin-bottom: 10px;\"><span style=\"margin: 0px; padding: 0px; vertical-align: inherit;\">Rozwijanie otwartej wymiany informacji z organizacjami i spo\u0142ecze\u0144stwem na temat oferowanych przez nas us\u0142ug certyfikacyjnych i szkoleniowych, Stosowanie solidnych zasad biznesowych w celu zarz\u0105dzania jednostk\u0105 certyfikuj\u0105c\u0105 i szkoleniow\u0105 oraz zapewniania zwrotu z inwestycji naszych akcjonariuszy, Komunikowanie tej polityki naszym pracownikom, klientom i zainteresowane strony.<\/span><\/p>\n<p style=\"color: #85868c; font-family: Roboto, Helvetica, Arial, Verdana, sans-serif; font-size: 15px; margin-bottom: 0px;\"><span style=\"margin: 0px; padding: 0px; vertical-align: inherit;\">Ci\u0105g\u0142e doskonalenie w budowaniu zdolno\u015bci do zaspokajania zmieniaj\u0105cych si\u0119 potrzeb w zakresie certyfikacji.<\/span><\/p>\n<\/div>\n<\/div>\t\t\t\t\t\t<\/div>\n\t\t\t\t<\/div>\n\t\t\t\t<\/div>\n\t\t<div class=\"elementor-element elementor-element-8012125 e-con-full e-flex e-con e-child\" data-id=\"8012125\" data-element_type=\"container\" data-settings=\"{&quot;content_width&quot;:&quot;full&quot;}\">\n\t\t\t\t<div class=\"elementor-element elementor-element-b2e72f7 elementor-widget elementor-widget-image\" data-id=\"b2e72f7\" data-element_type=\"widget\" data-widget_type=\"image.default\">\n\t\t\t\t<div class=\"elementor-widget-container\">\n\t\t\t<style>\/*! elementor - v3.17.0 - 01-11-2023 *\/\n.elementor-widget-image{text-align:center}.elementor-widget-image a{display:inline-block}.elementor-widget-image a img[src$=\".svg\"]{width:48px}.elementor-widget-image img{vertical-align:middle;display:inline-block}<\/style>\t\t\t\t\t\t\t\t\t\t\t\t<img fetchpriority=\"high\" decoding=\"async\" width=\"1024\" height=\"682\" src=\"https:\/\/sckcertpolska.pl\/wp-content\/uploads\/2023\/11\/laptop-coffee-notebook-1478822-1024x682.jpg\" class=\"attachment-large size-large wp-image-24535\" alt=\"laptop, coffee, notebook-1478822.jpg\" srcset=\"https:\/\/sckcertpolska.pl\/wp-content\/uploads\/2023\/11\/laptop-coffee-notebook-1478822-1024x682.jpg 1024w, https:\/\/sckcertpolska.pl\/wp-content\/uploads\/2023\/11\/laptop-coffee-notebook-1478822-300x200.jpg 300w, https:\/\/sckcertpolska.pl\/wp-content\/uploads\/2023\/11\/laptop-coffee-notebook-1478822-768x512.jpg 768w, https:\/\/sckcertpolska.pl\/wp-content\/uploads\/2023\/11\/laptop-coffee-notebook-1478822.jpg 1280w\" sizes=\"(max-width: 1024px) 100vw, 1024px\" \/>\t\t\t\t\t\t\t\t\t\t\t\t\t\t\t<\/div>\n\t\t\t\t<\/div>\n\t\t\t\t<\/div>\n\t\t\t\t\t<\/div>\n\t\t\t\t<\/div>\n\t\t\t\t\t\t\t<\/div>\n\t\t","protected":false},"excerpt":{"rendered":"<p>O NAS Kim jeste\u015bmy &nbsp;Sp\u00f3\u0142ka SCK Cert Polska zosta\u0142a utworzona w celu \u015bwiadczenia us\u0142ug certyfikacji system\u00f3w zarz\u0105dzania jako\u015bci\u0105 w organizacjach. Dzia\u0142alno\u015b\u0107 SCK Cert Polska w zakresie certyfikacji system\u00f3w zarz\u0105dzania sk\u0142ada si\u0119 z szeregu dzia\u0142a\u0144 maj\u0105cych na celu ocen\u0119 zdolno\u015bci system\u00f3w zarz\u0105dzania organizacjom i tym samym zapewnienie podmiotom certyfikacji strony trzeciej. Szczeg\u00f3\u0142y dotycz\u0105ce r\u00f3\u017cnych system\u00f3w zarz\u0105dzania &hellip;<\/p>\n<p class=\"read-more\"> <a class=\"\" href=\"https:\/\/sckcertpolska.pl\/?page_id=24254\"> <span class=\"screen-reader-text\">O nas<\/span> Read More &raquo;<\/a><\/p>\n","protected":false},"author":1,"featured_media":0,"parent":0,"menu_order":0,"comment_status":"closed","ping_status":"closed","template":"","meta":{"site-sidebar-layout":"no-sidebar","site-content-layout":"page-builder","ast-site-content-layout":"","site-content-style":"default","site-sidebar-style":"default","ast-global-header-display":"","ast-banner-title-visibility":"","ast-main-header-display":"","ast-hfb-above-header-display":"","ast-hfb-below-header-display":"","ast-hfb-mobile-header-display":"","site-post-title":"disabled","ast-breadcrumbs-content":"","ast-featured-img":"disabled","footer-sml-layout":"","theme-transparent-header-meta":"default","adv-header-id-meta":"","stick-header-meta":"","header-above-stick-meta":"","header-main-stick-meta":"","header-below-stick-meta":"","astra-migrate-meta-layouts":"","ast-page-background-enabled":"default","ast-page-background-meta":{"desktop":{"background-color":"","background-image":"","background-repeat":"repeat","background-position":"center center","background-size":"auto","background-attachment":"scroll","background-type":"","background-media":"","overlay-type":"","overlay-color":"","overlay-gradient":""},"tablet":{"background-color":"","background-image":"","background-repeat":"repeat","background-position":"center center","background-size":"auto","background-attachment":"scroll","background-type":"","background-media":"","overlay-type":"","overlay-color":"","overlay-gradient":""},"mobile":{"background-color":"","background-image":"","background-repeat":"repeat","background-position":"center center","background-size":"auto","background-attachment":"scroll","background-type":"","background-media":"","overlay-type":"","overlay-color":"","overlay-gradient":""}},"ast-content-background-meta":{"desktop":{"background-color":"var(--ast-global-color-5)","background-image":"","background-repeat":"repeat","background-position":"center center","background-size":"auto","background-attachment":"scroll","background-type":"","background-media":"","overlay-type":"","overlay-color":"","overlay-gradient":""},"tablet":{"background-color":"var(--ast-global-color-5)","background-image":"","background-repeat":"repeat","background-position":"center center","background-size":"auto","background-attachment":"scroll","background-type":"","background-media":"","overlay-type":"","overlay-color":"","overlay-gradient":""},"mobile":{"background-color":"var(--ast-global-color-5)","background-image":"","background-repeat":"repeat","background-position":"center center","background-size":"auto","background-attachment":"scroll","background-type":"","background-media":"","overlay-type":"","overlay-color":"","overlay-gradient":""}},"_themeisle_gutenberg_block_has_review":false,"footnotes":""},"class_list":["post-24254","page","type-page","status-publish","hentry"],"_links":{"self":[{"href":"https:\/\/sckcertpolska.pl\/index.php?rest_route=\/wp\/v2\/pages\/24254","targetHints":{"allow":["GET"]}}],"collection":[{"href":"https:\/\/sckcertpolska.pl\/index.php?rest_route=\/wp\/v2\/pages"}],"about":[{"href":"https:\/\/sckcertpolska.pl\/index.php?rest_route=\/wp\/v2\/types\/page"}],"author":[{"embeddable":true,"href":"https:\/\/sckcertpolska.pl\/index.php?rest_route=\/wp\/v2\/users\/1"}],"replies":[{"embeddable":true,"href":"https:\/\/sckcertpolska.pl\/index.php?rest_route=%2Fwp%2Fv2%2Fcomments&post=24254"}],"version-history":[{"count":34,"href":"https:\/\/sckcertpolska.pl\/index.php?rest_route=\/wp\/v2\/pages\/24254\/revisions"}],"predecessor-version":[{"id":24783,"href":"https:\/\/sckcertpolska.pl\/index.php?rest_route=\/wp\/v2\/pages\/24254\/revisions\/24783"}],"wp:attachment":[{"href":"https:\/\/sckcertpolska.pl\/index.php?rest_route=%2Fwp%2Fv2%2Fmedia&parent=24254"}],"curies":[{"name":"wp","href":"https:\/\/api.w.org\/{rel}","templated":true}]}}