{"id":24563,"date":"2023-11-02T21:33:00","date_gmt":"2023-11-02T20:33:00","guid":{"rendered":"http:\/\/sckcertpolska.pl\/?page_id=24563"},"modified":"2023-11-02T21:33:46","modified_gmt":"2023-11-02T20:33:46","slug":"iso-14001-system-zarzadzania-srodowiskowego","status":"publish","type":"page","link":"https:\/\/sckcertpolska.pl\/?page_id=24563","title":{"rendered":"ISO 14001 \u2013 SYSTEM ZARZ\u0104DZANIA \u015aRODOWISKOWEGO"},"content":{"rendered":"\t\t<div data-elementor-type=\"wp-page\" data-elementor-id=\"24563\" class=\"elementor elementor-24563\">\n\t\t\t\t\t\t\t<div class=\"elementor-element elementor-element-75c791e e-flex e-con-boxed e-con e-parent\" data-id=\"75c791e\" data-element_type=\"container\" data-settings=\"{&quot;background_background&quot;:&quot;classic&quot;,&quot;content_width&quot;:&quot;boxed&quot;}\" data-core-v316-plus=\"true\">\n\t\t\t\t\t<div class=\"e-con-inner\">\n\t\t\t\t<div class=\"elementor-element elementor-element-1c8a005 elementor-widget elementor-widget-heading\" data-id=\"1c8a005\" data-element_type=\"widget\" data-widget_type=\"heading.default\">\n\t\t\t\t<div class=\"elementor-widget-container\">\n\t\t\t<style>\/*! elementor - v3.17.0 - 01-11-2023 *\/\n.elementor-heading-title{padding:0;margin:0;line-height:1}.elementor-widget-heading .elementor-heading-title[class*=elementor-size-]>a{color:inherit;font-size:inherit;line-height:inherit}.elementor-widget-heading .elementor-heading-title.elementor-size-small{font-size:15px}.elementor-widget-heading .elementor-heading-title.elementor-size-medium{font-size:19px}.elementor-widget-heading .elementor-heading-title.elementor-size-large{font-size:29px}.elementor-widget-heading .elementor-heading-title.elementor-size-xl{font-size:39px}.elementor-widget-heading .elementor-heading-title.elementor-size-xxl{font-size:59px}<\/style><h3 class=\"elementor-heading-title elementor-size-default\">ISO 14001 \u2013 SYSTEM ZARZ\u0104DZANIA \u015aRODOWISKOWEGO<\/h3>\t\t<\/div>\n\t\t\t\t<\/div>\n\t\t\t\t\t<\/div>\n\t\t\t\t<\/div>\n\t\t<div class=\"elementor-element elementor-element-25a9129 e-flex e-con-boxed e-con e-parent\" data-id=\"25a9129\" data-element_type=\"container\" data-settings=\"{&quot;background_background&quot;:&quot;classic&quot;,&quot;content_width&quot;:&quot;boxed&quot;}\" data-core-v316-plus=\"true\">\n\t\t\t\t\t<div class=\"e-con-inner\">\n\t\t<div class=\"elementor-element elementor-element-69dd647 e-con-full e-flex e-con e-child\" data-id=\"69dd647\" data-element_type=\"container\" data-settings=\"{&quot;content_width&quot;:&quot;full&quot;}\">\n\t\t\t\t<div class=\"elementor-element elementor-element-61c8f65 elementor-widget elementor-widget-text-editor\" data-id=\"61c8f65\" data-element_type=\"widget\" data-widget_type=\"text-editor.default\">\n\t\t\t\t<div class=\"elementor-widget-container\">\n\t\t\t<style>\/*! elementor - v3.17.0 - 01-11-2023 *\/\n.elementor-widget-text-editor.elementor-drop-cap-view-stacked .elementor-drop-cap{background-color:#69727d;color:#fff}.elementor-widget-text-editor.elementor-drop-cap-view-framed .elementor-drop-cap{color:#69727d;border:3px solid;background-color:transparent}.elementor-widget-text-editor:not(.elementor-drop-cap-view-default) .elementor-drop-cap{margin-top:8px}.elementor-widget-text-editor:not(.elementor-drop-cap-view-default) .elementor-drop-cap-letter{width:1em;height:1em}.elementor-widget-text-editor .elementor-drop-cap{float:left;text-align:center;line-height:1;font-size:50px}.elementor-widget-text-editor .elementor-drop-cap-letter{display:inline-block}<\/style>\t\t\t\t<p style=\"margin-bottom: 10px; color: rgb(133, 134, 140); font-family: Roboto, Helvetica, Arial, Verdana, sans-serif; font-size: 15px; font-style: normal; font-weight: 400;\"><font style=\"margin: 0px; padding: 0px; vertical-align: inherit;\"><font style=\"margin: 0px; padding: 0px; vertical-align: inherit;\">Wraz z alarmem dotycz\u0105cym globalnego ocieplenia i jego konsekwencji spo\u0142ecze\u0144stwo ludzkie zacz\u0119\u0142o powa\u017cnie podchodzi\u0107 do ekologii i jej ochrony.&nbsp;<\/font><font style=\"margin: 0px; padding: 0px; vertical-align: inherit;\">ISO 14001 EMS pomaga utrzyma\u0107 \u015brodowisko wok\u00f3\u0142 nas, przestrzegaj\u0105c pewnych standard\u00f3w zarz\u0105dzania.&nbsp;<\/font><font style=\"margin: 0px; padding: 0px; vertical-align: inherit;\">Firmy stosuj\u0105ce ISO 14001 EMS wyr\u00f3\u017cniaj\u0105 si\u0119 na tle konkurencji i ciesz\u0105 si\u0119 uznaniem na poziomie globalnym.<\/font><\/font><\/p><p style=\"margin-bottom: 10px; color: rgb(133, 134, 140); font-family: Roboto, Helvetica, Arial, Verdana, sans-serif; font-size: 15px; font-style: normal; font-weight: 400;\"><font style=\"margin: 0px; padding: 0px; vertical-align: inherit;\"><font style=\"margin: 0px; padding: 0px; vertical-align: inherit;\">Przepisy dotycz\u0105ce ochrony \u015brodowiska staj\u0105 si\u0119 coraz bardziej rygorystyczne, podobnie jak egzekwowanie prawa.&nbsp;<\/font><font style=\"margin: 0px; padding: 0px; vertical-align: inherit;\">Klienci i akcjonariusze coraz cz\u0119\u015bciej \u017c\u0105daj\u0105, aby przedsi\u0119biorstwa zmniejsza\u0142y wp\u0142yw swojej dzia\u0142alno\u015bci na \u015brodowisko, demonstrowa\u0142y, co robi\u0105 i jak si\u0119 udoskonalaj\u0105.&nbsp;<\/font><font style=\"margin: 0px; padding: 0px; vertical-align: inherit;\">System zarz\u0105dzania \u015brodowiskowego pomaga Twojej organizacji kontrolowa\u0107 i skutecznie zarz\u0105dza\u0107 najwa\u017cniejszymi aspektami \u015brodowiskowymi, np. emisjami, gospodark\u0105 odpadami, wykorzystaniem zasob\u00f3w naturalnych i efektywno\u015bci\u0105 energetyczn\u0105.<\/font><\/font><\/p><p style=\"margin-bottom: 10px; color: rgb(133, 134, 140); font-family: Roboto, Helvetica, Arial, Verdana, sans-serif; font-size: 15px; font-style: normal; font-weight: 400;\"><font style=\"margin: 0px; padding: 0px; vertical-align: inherit;\">Wdro\u017cenie i certyfikacja ISO 14001 dowodzi, \u017ce Tw\u00f3j System Zarz\u0105dzania \u015arodowiskowego zosta\u0142 por\u00f3wnany z norm\u0105 najlepszych praktyk i uznany za zgodny.<\/font><\/p><div class=\"vc_row wpb_row vc_row-fluid\" style=\"margin: 0px -25px; padding: 0px; color: #85868c; font-family: Roboto, Helvetica, Arial, Verdana, sans-serif; font-size: 15px;\"><div class=\"wpb_column vc_column_container vc_col-sm-12\" style=\"margin: 0px; padding: 0px; width: 865px; position: relative; min-height: 1px; float: left;\"><div class=\"vc_column-inner \" style=\"margin: 0px; padding: 0px 25px; width: 865px;\"><div class=\"wpb_wrapper\" style=\"margin: 0px; padding: 0px;\"><div class=\"wpb_text_column wpb_content_element \" style=\"margin: 0px; padding: 0px;\"><div class=\"wpb_wrapper\" style=\"margin: 0px; padding: 0px;\">\n<\/div>\n<\/div>\n<\/div>\n<\/div>\n<\/div>\n<\/div>\t\t\t\t\t\t<\/div>\n\t\t\t\t<\/div>\n\t\t\t\t<\/div>\n\t\t<div class=\"elementor-element elementor-element-1a09e62 e-con-full e-flex e-con e-child\" data-id=\"1a09e62\" data-element_type=\"container\" data-settings=\"{&quot;content_width&quot;:&quot;full&quot;}\">\n\t\t\t\t<div class=\"elementor-element elementor-element-bc03e18 elementor-widget elementor-widget-wpforms\" data-id=\"bc03e18\" data-element_type=\"widget\" data-widget_type=\"wpforms.default\">\n\t\t\t\t<div class=\"elementor-widget-container\">\n\t\t\t<div class=\"wpforms-container \" id=\"wpforms-368\"><form id=\"wpforms-form-368\" class=\"wpforms-validate wpforms-form\" data-formid=\"368\" method=\"post\" enctype=\"multipart\/form-data\" action=\"\/index.php?rest_route=%2Fwp%2Fv2%2Fpages%2F24563\" data-token=\"9fc55d0697655bd4b88f89589d7eb2b4\"><noscript class=\"wpforms-error-noscript\">Aby wype\u0142ni\u0107 ten formularz, w\u0142\u0105cz obs\u0142ug\u0119 JavaScript w przegl\u0105darce.<\/noscript><div class=\"wpforms-field-container\"><div id=\"wpforms-368-field_0-container\" class=\"wpforms-field wpforms-field-name\" data-field-id=\"0\"><label class=\"wpforms-field-label wpforms-label-hide\" for=\"wpforms-368-field_0\">Imi\u0119 i nazwisko <span class=\"wpforms-required-label\">*<\/span><\/label><input type=\"text\" id=\"wpforms-368-field_0\" class=\"wpforms-field-large wpforms-field-required\" name=\"wpforms[fields][0]\" placeholder=\"Imi\u0119 i nazwisko\" required><\/div><div id=\"wpforms-368-field_1-container\" class=\"wpforms-field wpforms-field-email\" data-field-id=\"1\"><label class=\"wpforms-field-label wpforms-label-hide\" for=\"wpforms-368-field_1\">Email <span class=\"wpforms-required-label\">*<\/span><\/label><input type=\"email\" id=\"wpforms-368-field_1\" class=\"wpforms-field-large wpforms-field-required\" name=\"wpforms[fields][1]\" placeholder=\"Adres E-mail\" spellcheck=\"false\" required><\/div><div id=\"wpforms-368-field_3-container\" class=\"wpforms-field wpforms-field-text\" data-field-id=\"3\"><label class=\"wpforms-field-label wpforms-label-hide\" for=\"wpforms-368-field_3\">Subject <span class=\"wpforms-required-label\">*<\/span><\/label><input type=\"text\" id=\"wpforms-368-field_3\" class=\"wpforms-field-large wpforms-field-required\" name=\"wpforms[fields][3]\" placeholder=\"Subject\" required><\/div><div id=\"wpforms-368-field_2-container\" class=\"wpforms-field wpforms-field-textarea\" data-field-id=\"2\"><label class=\"wpforms-field-label wpforms-label-hide\" for=\"wpforms-368-field_2\">Message <span class=\"wpforms-required-label\">*<\/span><\/label><textarea id=\"wpforms-368-field_2\" class=\"wpforms-field-medium wpforms-field-required\" name=\"wpforms[fields][2]\" placeholder=\"Your Message\" required><\/textarea><\/div><\/div><!-- .wpforms-field-container --><div class=\"wpforms-submit-container\" ><input type=\"hidden\" name=\"wpforms[id]\" value=\"368\"><input type=\"hidden\" name=\"wpforms[author]\" value=\"1\"><button type=\"submit\" name=\"wpforms[submit]\" id=\"wpforms-submit-368\" class=\"wpforms-submit\" data-alt-text=\"Sending...\" data-submit-text=\"Send Message\" aria-live=\"assertive\" value=\"wpforms-submit\">Send Message<\/button><\/div><\/form><\/div>  <!-- .wpforms-container -->\t\t<\/div>\n\t\t\t\t<\/div>\n\t\t\t\t<\/div>\n\t\t\t\t\t<\/div>\n\t\t\t\t<\/div>\n\t\t\t\t\t\t\t<\/div>\n\t\t","protected":false},"excerpt":{"rendered":"<p>ISO 14001 \u2013 SYSTEM ZARZ\u0104DZANIA \u015aRODOWISKOWEGO Wraz z alarmem dotycz\u0105cym globalnego ocieplenia i jego konsekwencji spo\u0142ecze\u0144stwo ludzkie zacz\u0119\u0142o powa\u017cnie podchodzi\u0107 do ekologii i jej ochrony.&nbsp;ISO 14001 EMS pomaga utrzyma\u0107 \u015brodowisko wok\u00f3\u0142 nas, przestrzegaj\u0105c pewnych standard\u00f3w zarz\u0105dzania.&nbsp;Firmy stosuj\u0105ce ISO 14001 EMS wyr\u00f3\u017cniaj\u0105 si\u0119 na tle konkurencji i ciesz\u0105 si\u0119 uznaniem na poziomie globalnym. Przepisy dotycz\u0105ce ochrony &hellip;<\/p>\n<p class=\"read-more\"> <a class=\"\" href=\"https:\/\/sckcertpolska.pl\/?page_id=24563\"> <span class=\"screen-reader-text\">ISO 14001 \u2013 SYSTEM ZARZ\u0104DZANIA \u015aRODOWISKOWEGO<\/span> Read More &raquo;<\/a><\/p>\n","protected":false},"author":1,"featured_media":0,"parent":0,"menu_order":0,"comment_status":"closed","ping_status":"closed","template":"","meta":{"site-sidebar-layout":"no-sidebar","site-content-layout":"page-builder","ast-site-content-layout":"full-width-container","site-content-style":"default","site-sidebar-style":"default","ast-global-header-display":"","ast-banner-title-visibility":"","ast-main-header-display":"","ast-hfb-above-header-display":"","ast-hfb-below-header-display":"","ast-hfb-mobile-header-display":"","site-post-title":"disabled","ast-breadcrumbs-content":"","ast-featured-img":"disabled","footer-sml-layout":"","theme-transparent-header-meta":"","adv-header-id-meta":"","stick-header-meta":"","header-above-stick-meta":"","header-main-stick-meta":"","header-below-stick-meta":"","astra-migrate-meta-layouts":"set","ast-page-background-enabled":"default","ast-page-background-meta":{"desktop":{"background-color":"","background-image":"","background-repeat":"repeat","background-position":"center center","background-size":"auto","background-attachment":"scroll","background-type":"","background-media":"","overlay-type":"","overlay-color":"","overlay-gradient":""},"tablet":{"background-color":"","background-image":"","background-repeat":"repeat","background-position":"center center","background-size":"auto","background-attachment":"scroll","background-type":"","background-media":"","overlay-type":"","overlay-color":"","overlay-gradient":""},"mobile":{"background-color":"","background-image":"","background-repeat":"repeat","background-position":"center center","background-size":"auto","background-attachment":"scroll","background-type":"","background-media":"","overlay-type":"","overlay-color":"","overlay-gradient":""}},"ast-content-background-meta":{"desktop":{"background-color":"var(--ast-global-color-5)","background-image":"","background-repeat":"repeat","background-position":"center center","background-size":"auto","background-attachment":"scroll","background-type":"","background-media":"","overlay-type":"","overlay-color":"","overlay-gradient":""},"tablet":{"background-color":"var(--ast-global-color-5)","background-image":"","background-repeat":"repeat","background-position":"center center","background-size":"auto","background-attachment":"scroll","background-type":"","background-media":"","overlay-type":"","overlay-color":"","overlay-gradient":""},"mobile":{"background-color":"var(--ast-global-color-5)","background-image":"","background-repeat":"repeat","background-position":"center center","background-size":"auto","background-attachment":"scroll","background-type":"","background-media":"","overlay-type":"","overlay-color":"","overlay-gradient":""}},"_themeisle_gutenberg_block_has_review":false,"footnotes":""},"class_list":["post-24563","page","type-page","status-publish","hentry"],"_links":{"self":[{"href":"https:\/\/sckcertpolska.pl\/index.php?rest_route=\/wp\/v2\/pages\/24563","targetHints":{"allow":["GET"]}}],"collection":[{"href":"https:\/\/sckcertpolska.pl\/index.php?rest_route=\/wp\/v2\/pages"}],"about":[{"href":"https:\/\/sckcertpolska.pl\/index.php?rest_route=\/wp\/v2\/types\/page"}],"author":[{"embeddable":true,"href":"https:\/\/sckcertpolska.pl\/index.php?rest_route=\/wp\/v2\/users\/1"}],"replies":[{"embeddable":true,"href":"https:\/\/sckcertpolska.pl\/index.php?rest_route=%2Fwp%2Fv2%2Fcomments&post=24563"}],"version-history":[{"count":4,"href":"https:\/\/sckcertpolska.pl\/index.php?rest_route=\/wp\/v2\/pages\/24563\/revisions"}],"predecessor-version":[{"id":24567,"href":"https:\/\/sckcertpolska.pl\/index.php?rest_route=\/wp\/v2\/pages\/24563\/revisions\/24567"}],"wp:attachment":[{"href":"https:\/\/sckcertpolska.pl\/index.php?rest_route=%2Fwp%2Fv2%2Fmedia&parent=24563"}],"curies":[{"name":"wp","href":"https:\/\/api.w.org\/{rel}","templated":true}]}}