{"id":24591,"date":"2023-11-02T21:45:37","date_gmt":"2023-11-02T20:45:37","guid":{"rendered":"http:\/\/sckcertpolska.pl\/?page_id=24591"},"modified":"2024-04-25T11:31:02","modified_gmt":"2024-04-25T09:31:02","slug":"certyfikaty","status":"publish","type":"page","link":"https:\/\/sckcertpolska.pl\/?page_id=24591","title":{"rendered":"Certyfikaty"},"content":{"rendered":"\t\t<div data-elementor-type=\"wp-page\" data-elementor-id=\"24591\" class=\"elementor elementor-24591\">\n\t\t\t\t\t\t\t<div class=\"elementor-element elementor-element-e45993a e-flex e-con-boxed e-con e-parent\" data-id=\"e45993a\" data-element_type=\"container\" data-settings=\"{&quot;background_background&quot;:&quot;classic&quot;,&quot;content_width&quot;:&quot;boxed&quot;}\" data-core-v316-plus=\"true\">\n\t\t\t\t\t<div class=\"e-con-inner\">\n\t\t\t\t<div class=\"elementor-element elementor-element-a44a590 elementor-widget elementor-widget-heading\" data-id=\"a44a590\" data-element_type=\"widget\" data-widget_type=\"heading.default\">\n\t\t\t\t<div class=\"elementor-widget-container\">\n\t\t\t<style>\/*! elementor - v3.17.0 - 01-11-2023 *\/\n.elementor-heading-title{padding:0;margin:0;line-height:1}.elementor-widget-heading .elementor-heading-title[class*=elementor-size-]>a{color:inherit;font-size:inherit;line-height:inherit}.elementor-widget-heading .elementor-heading-title.elementor-size-small{font-size:15px}.elementor-widget-heading .elementor-heading-title.elementor-size-medium{font-size:19px}.elementor-widget-heading .elementor-heading-title.elementor-size-large{font-size:29px}.elementor-widget-heading .elementor-heading-title.elementor-size-xl{font-size:39px}.elementor-widget-heading .elementor-heading-title.elementor-size-xxl{font-size:59px}<\/style><h3 class=\"elementor-heading-title elementor-size-default\">CERTYFIKAT ISO<\/h3>\t\t<\/div>\n\t\t\t\t<\/div>\n\t\t\t\t\t<\/div>\n\t\t\t\t<\/div>\n\t\t<div class=\"elementor-element elementor-element-64b2b06 e-flex e-con-boxed e-con e-parent\" data-id=\"64b2b06\" data-element_type=\"container\" data-settings=\"{&quot;background_background&quot;:&quot;classic&quot;,&quot;content_width&quot;:&quot;boxed&quot;}\" data-core-v316-plus=\"true\">\n\t\t\t\t\t<div class=\"e-con-inner\">\n\t\t<div class=\"elementor-element elementor-element-61ef23e e-con-full e-flex e-con e-child\" data-id=\"61ef23e\" data-element_type=\"container\" data-settings=\"{&quot;content_width&quot;:&quot;full&quot;}\">\n\t\t\t\t<div class=\"elementor-element elementor-element-4727e08 elementor-widget__width-initial elementor-widget elementor-widget-text-editor\" data-id=\"4727e08\" data-element_type=\"widget\" data-widget_type=\"text-editor.default\">\n\t\t\t\t<div class=\"elementor-widget-container\">\n\t\t\t<style>\/*! elementor - v3.17.0 - 01-11-2023 *\/\n.elementor-widget-text-editor.elementor-drop-cap-view-stacked .elementor-drop-cap{background-color:#69727d;color:#fff}.elementor-widget-text-editor.elementor-drop-cap-view-framed .elementor-drop-cap{color:#69727d;border:3px solid;background-color:transparent}.elementor-widget-text-editor:not(.elementor-drop-cap-view-default) .elementor-drop-cap{margin-top:8px}.elementor-widget-text-editor:not(.elementor-drop-cap-view-default) .elementor-drop-cap-letter{width:1em;height:1em}.elementor-widget-text-editor .elementor-drop-cap{float:left;text-align:center;line-height:1;font-size:50px}.elementor-widget-text-editor .elementor-drop-cap-letter{display:inline-block}<\/style>\t\t\t\t<div class=\"vc_row wpb_row vc_row-fluid\">\n<div class=\"wpb_column vc_column_container vc_col-sm-12\">\n<div class=\"vc_column-inner \">\n<div class=\"wpb_wrapper\">\n<div class=\"wpb_text_column wpb_content_element \">\n<div class=\"wpb_wrapper\">\n<p>Certyfikacja mo\u017ce by\u0107 u\u017cytecznym narz\u0119dziem zwi\u0119kszaj\u0105cym wiarygodno\u015b\u0107 poprzez wykazanie, \u017ce Tw\u00f3j produkt lub us\u0142uga spe\u0142nia oczekiwania Twoich klient\u00f3w.&nbsp;W niekt\u00f3rych bran\u017cach certyfikacja jest wymogiem prawnym lub umownym.<\/p>\n<p><strong>Dlaczego certyfikaty SCK?<\/strong><\/p>\n<p><span style=\"color: #85868c; font-family: Roboto, Helvetica, Arial, Verdana, sans-serif; font-size: 15px;\">SCK Cert Polska<\/span>&nbsp;zobowi\u0105zuje si\u0119 do zapewniania przedsi\u0119biorstwom certyfikat\u00f3w przejrzysto\u015bci, neutralno\u015bci i jako\u015bci.&nbsp;Certyfikaty SCK to grupa doskonale wyszkolonych, zmotywowanych i profesjonalnych Audytor\u00f3w oraz personelu pomocniczego.<\/p>\n<p>Obecnie SCK oferuje akredytowane certyfikaty zgodno\u015bci, posiadaj\u0105c licencje UAF IAF<\/p>\n<p><em style=\"font-weight: inherit; color: var(--ast-global-color-3);\"><strong>SCK \u015bwiadczy us\u0142ugi ISO dla nast\u0119puj\u0105cych System\u00f3w Zarz\u0105dzania:&nbsp;<\/strong><\/em><br><\/p>\n<ul>\n<li>ISO 9001:2015 (SYSTEM ZARZ\u0104DZANIA JAKO\u015aCI\u0104)<\/li>\n<li>ISO 14001:2015 (SYSTEM ZARZ\u0104DZANIA \u015aRODOWISKOWEGO)<\/li>\n<li>ISO 45001:2018 (SYSTEM ZARZ\u0104DZANIA BHP (BHP))<\/li>\n<li>ISO 13485:2016 (SYSTEM ZARZ\u0104DZANIA JAKO\u015aCI\u0104 DLA WYROB\u00d3W MEDYCZNYCH)<\/li>\n<li>ISO 27001:2022 (SYSTEM ZARZ\u0104DZANIA BEZPIECZE\u0143STWEM INFORMACJI)<\/li>\n<li>ISO 37001:2016 (SYSTEM ZARZ\u0104DZANIA DZIA\u0141ANIAMI ANTYKORUPCYJNYMI)<\/li>\n<\/ul>\n<\/div>\n<\/div>\n<\/div>\n<\/div>\n<\/div>\n<\/div>\t\t\t\t\t\t<\/div>\n\t\t\t\t<\/div>\n\t\t\t\t<\/div>\n\t\t<div class=\"elementor-element elementor-element-d7bc31e e-con-full e-flex e-con e-child\" data-id=\"d7bc31e\" data-element_type=\"container\" data-settings=\"{&quot;content_width&quot;:&quot;full&quot;}\">\n\t\t\t\t<div class=\"elementor-element elementor-element-e25288e elementor-widget elementor-widget-wpforms\" data-id=\"e25288e\" data-element_type=\"widget\" data-widget_type=\"wpforms.default\">\n\t\t\t\t<div class=\"elementor-widget-container\">\n\t\t\t<div class=\"wpforms-container \" id=\"wpforms-368\"><form id=\"wpforms-form-368\" class=\"wpforms-validate wpforms-form\" data-formid=\"368\" method=\"post\" enctype=\"multipart\/form-data\" action=\"\/index.php?rest_route=%2Fwp%2Fv2%2Fpages%2F24591\" data-token=\"9fc55d0697655bd4b88f89589d7eb2b4\"><noscript class=\"wpforms-error-noscript\">Aby wype\u0142ni\u0107 ten formularz, w\u0142\u0105cz obs\u0142ug\u0119 JavaScript w przegl\u0105darce.<\/noscript><div class=\"wpforms-field-container\"><div id=\"wpforms-368-field_0-container\" class=\"wpforms-field wpforms-field-name\" data-field-id=\"0\"><label class=\"wpforms-field-label wpforms-label-hide\" for=\"wpforms-368-field_0\">Imi\u0119 i nazwisko <span class=\"wpforms-required-label\">*<\/span><\/label><input type=\"text\" id=\"wpforms-368-field_0\" class=\"wpforms-field-large wpforms-field-required\" name=\"wpforms[fields][0]\" placeholder=\"Imi\u0119 i nazwisko\" required><\/div><div id=\"wpforms-368-field_1-container\" class=\"wpforms-field wpforms-field-email\" data-field-id=\"1\"><label class=\"wpforms-field-label wpforms-label-hide\" for=\"wpforms-368-field_1\">Email <span class=\"wpforms-required-label\">*<\/span><\/label><input type=\"email\" id=\"wpforms-368-field_1\" class=\"wpforms-field-large wpforms-field-required\" name=\"wpforms[fields][1]\" placeholder=\"Adres E-mail\" spellcheck=\"false\" required><\/div><div id=\"wpforms-368-field_3-container\" class=\"wpforms-field wpforms-field-text\" data-field-id=\"3\"><label class=\"wpforms-field-label wpforms-label-hide\" for=\"wpforms-368-field_3\">Subject <span class=\"wpforms-required-label\">*<\/span><\/label><input type=\"text\" id=\"wpforms-368-field_3\" class=\"wpforms-field-large wpforms-field-required\" name=\"wpforms[fields][3]\" placeholder=\"Subject\" required><\/div><div id=\"wpforms-368-field_2-container\" class=\"wpforms-field wpforms-field-textarea\" data-field-id=\"2\"><label class=\"wpforms-field-label wpforms-label-hide\" for=\"wpforms-368-field_2\">Message <span class=\"wpforms-required-label\">*<\/span><\/label><textarea id=\"wpforms-368-field_2\" class=\"wpforms-field-medium wpforms-field-required\" name=\"wpforms[fields][2]\" placeholder=\"Your Message\" required><\/textarea><\/div><\/div><!-- .wpforms-field-container --><div class=\"wpforms-submit-container\" ><input type=\"hidden\" name=\"wpforms[id]\" value=\"368\"><input type=\"hidden\" name=\"wpforms[author]\" value=\"1\"><button type=\"submit\" name=\"wpforms[submit]\" id=\"wpforms-submit-368\" class=\"wpforms-submit\" data-alt-text=\"Sending...\" data-submit-text=\"Send Message\" aria-live=\"assertive\" value=\"wpforms-submit\">Send Message<\/button><\/div><\/form><\/div>  <!-- .wpforms-container -->\t\t<\/div>\n\t\t\t\t<\/div>\n\t\t\t\t<\/div>\n\t\t\t\t\t<\/div>\n\t\t\t\t<\/div>\n\t\t\t\t\t\t\t<\/div>\n\t\t","protected":false},"excerpt":{"rendered":"<p>CERTYFIKAT ISO Certyfikacja mo\u017ce by\u0107 u\u017cytecznym narz\u0119dziem zwi\u0119kszaj\u0105cym wiarygodno\u015b\u0107 poprzez wykazanie, \u017ce Tw\u00f3j produkt lub us\u0142uga spe\u0142nia oczekiwania Twoich klient\u00f3w.&nbsp;W niekt\u00f3rych bran\u017cach certyfikacja jest wymogiem prawnym lub umownym. Dlaczego certyfikaty SCK? SCK Cert Polska&nbsp;zobowi\u0105zuje si\u0119 do zapewniania przedsi\u0119biorstwom certyfikat\u00f3w przejrzysto\u015bci, neutralno\u015bci i jako\u015bci.&nbsp;Certyfikaty SCK to grupa doskonale wyszkolonych, zmotywowanych i profesjonalnych Audytor\u00f3w oraz personelu pomocniczego. &hellip;<\/p>\n<p class=\"read-more\"> <a class=\"\" href=\"https:\/\/sckcertpolska.pl\/?page_id=24591\"> <span class=\"screen-reader-text\">Certyfikaty<\/span> Read More &raquo;<\/a><\/p>\n","protected":false},"author":1,"featured_media":0,"parent":0,"menu_order":0,"comment_status":"closed","ping_status":"closed","template":"","meta":{"site-sidebar-layout":"no-sidebar","site-content-layout":"page-builder","ast-site-content-layout":"full-width-container","site-content-style":"default","site-sidebar-style":"default","ast-global-header-display":"","ast-banner-title-visibility":"","ast-main-header-display":"","ast-hfb-above-header-display":"","ast-hfb-below-header-display":"","ast-hfb-mobile-header-display":"","site-post-title":"disabled","ast-breadcrumbs-content":"","ast-featured-img":"disabled","footer-sml-layout":"","theme-transparent-header-meta":"","adv-header-id-meta":"","stick-header-meta":"","header-above-stick-meta":"","header-main-stick-meta":"","header-below-stick-meta":"","astra-migrate-meta-layouts":"set","ast-page-background-enabled":"default","ast-page-background-meta":{"desktop":{"background-color":"","background-image":"","background-repeat":"repeat","background-position":"center center","background-size":"auto","background-attachment":"scroll","background-type":"","background-media":"","overlay-type":"","overlay-color":"","overlay-gradient":""},"tablet":{"background-color":"","background-image":"","background-repeat":"repeat","background-position":"center center","background-size":"auto","background-attachment":"scroll","background-type":"","background-media":"","overlay-type":"","overlay-color":"","overlay-gradient":""},"mobile":{"background-color":"","background-image":"","background-repeat":"repeat","background-position":"center center","background-size":"auto","background-attachment":"scroll","background-type":"","background-media":"","overlay-type":"","overlay-color":"","overlay-gradient":""}},"ast-content-background-meta":{"desktop":{"background-color":"var(--ast-global-color-5)","background-image":"","background-repeat":"repeat","background-position":"center center","background-size":"auto","background-attachment":"scroll","background-type":"","background-media":"","overlay-type":"","overlay-color":"","overlay-gradient":""},"tablet":{"background-color":"var(--ast-global-color-5)","background-image":"","background-repeat":"repeat","background-position":"center center","background-size":"auto","background-attachment":"scroll","background-type":"","background-media":"","overlay-type":"","overlay-color":"","overlay-gradient":""},"mobile":{"background-color":"var(--ast-global-color-5)","background-image":"","background-repeat":"repeat","background-position":"center center","background-size":"auto","background-attachment":"scroll","background-type":"","background-media":"","overlay-type":"","overlay-color":"","overlay-gradient":""}},"_themeisle_gutenberg_block_has_review":false,"footnotes":""},"class_list":["post-24591","page","type-page","status-publish","hentry"],"_links":{"self":[{"href":"https:\/\/sckcertpolska.pl\/index.php?rest_route=\/wp\/v2\/pages\/24591","targetHints":{"allow":["GET"]}}],"collection":[{"href":"https:\/\/sckcertpolska.pl\/index.php?rest_route=\/wp\/v2\/pages"}],"about":[{"href":"https:\/\/sckcertpolska.pl\/index.php?rest_route=\/wp\/v2\/types\/page"}],"author":[{"embeddable":true,"href":"https:\/\/sckcertpolska.pl\/index.php?rest_route=\/wp\/v2\/users\/1"}],"replies":[{"embeddable":true,"href":"https:\/\/sckcertpolska.pl\/index.php?rest_route=%2Fwp%2Fv2%2Fcomments&post=24591"}],"version-history":[{"count":28,"href":"https:\/\/sckcertpolska.pl\/index.php?rest_route=\/wp\/v2\/pages\/24591\/revisions"}],"predecessor-version":[{"id":24762,"href":"https:\/\/sckcertpolska.pl\/index.php?rest_route=\/wp\/v2\/pages\/24591\/revisions\/24762"}],"wp:attachment":[{"href":"https:\/\/sckcertpolska.pl\/index.php?rest_route=%2Fwp%2Fv2%2Fmedia&parent=24591"}],"curies":[{"name":"wp","href":"https:\/\/api.w.org\/{rel}","templated":true}]}}