{"id":24656,"date":"2023-11-27T16:20:20","date_gmt":"2023-11-27T15:20:20","guid":{"rendered":"http:\/\/sckcertpolska.pl\/?page_id=24656"},"modified":"2023-11-28T14:13:49","modified_gmt":"2023-11-28T13:13:49","slug":"qcas","status":"publish","type":"page","link":"https:\/\/sckcertpolska.pl\/?page_id=24656","title":{"rendered":"QCS"},"content":{"rendered":"\t\t<div data-elementor-type=\"wp-page\" data-elementor-id=\"24656\" class=\"elementor elementor-24656\">\n\t\t\t\t\t\t\t<div class=\"elementor-element elementor-element-f75afd7 e-con-full e-flex e-con e-parent\" data-id=\"f75afd7\" data-element_type=\"container\" data-settings=\"{&quot;content_width&quot;:&quot;full&quot;}\" data-core-v316-plus=\"true\">\n\t\t<div class=\"elementor-element elementor-element-f3c8aef e-flex e-con-boxed e-con e-child\" data-id=\"f3c8aef\" data-element_type=\"container\" data-settings=\"{&quot;background_background&quot;:&quot;classic&quot;,&quot;content_width&quot;:&quot;boxed&quot;}\">\n\t\t\t\t\t<div class=\"e-con-inner\">\n\t\t\t\t<div class=\"elementor-element elementor-element-bb5ae46 elementor-widget elementor-widget-heading\" data-id=\"bb5ae46\" data-element_type=\"widget\" data-widget_type=\"heading.default\">\n\t\t\t\t<div class=\"elementor-widget-container\">\n\t\t\t<style>\/*! elementor - v3.17.0 - 01-11-2023 *\/\n.elementor-heading-title{padding:0;margin:0;line-height:1}.elementor-widget-heading .elementor-heading-title[class*=elementor-size-]>a{color:inherit;font-size:inherit;line-height:inherit}.elementor-widget-heading .elementor-heading-title.elementor-size-small{font-size:15px}.elementor-widget-heading .elementor-heading-title.elementor-size-medium{font-size:19px}.elementor-widget-heading .elementor-heading-title.elementor-size-large{font-size:29px}.elementor-widget-heading .elementor-heading-title.elementor-size-xl{font-size:39px}.elementor-widget-heading .elementor-heading-title.elementor-size-xxl{font-size:59px}<\/style><h3 class=\"elementor-heading-title elementor-size-default\">SCK CERT POLSKA  jest polskim przedstawicielstwem QCS w Polsce<\/h3>\t\t<\/div>\n\t\t\t\t<\/div>\n\t\t\t\t\t<\/div>\n\t\t\t\t<\/div>\n\t\t\t\t<\/div>\n\t\t<div class=\"elementor-element elementor-element-76de159 e-flex e-con-boxed e-con e-parent\" data-id=\"76de159\" data-element_type=\"container\" data-settings=\"{&quot;content_width&quot;:&quot;boxed&quot;}\" data-core-v316-plus=\"true\">\n\t\t\t\t\t<div class=\"e-con-inner\">\n\t\t\t\t<div class=\"elementor-element elementor-element-06b5229 elementor-widget elementor-widget-image\" data-id=\"06b5229\" data-element_type=\"widget\" data-widget_type=\"image.default\">\n\t\t\t\t<div class=\"elementor-widget-container\">\n\t\t\t<style>\/*! elementor - v3.17.0 - 01-11-2023 *\/\n.elementor-widget-image{text-align:center}.elementor-widget-image a{display:inline-block}.elementor-widget-image a img[src$=\".svg\"]{width:48px}.elementor-widget-image img{vertical-align:middle;display:inline-block}<\/style>\t\t\t\t\t\t\t\t\t\t\t\t<img decoding=\"async\" width=\"400\" height=\"87\" src=\"https:\/\/sckcertpolska.pl\/wp-content\/uploads\/2023\/11\/new-logo.png\" class=\"attachment-large size-large wp-image-24674\" alt=\"\" srcset=\"https:\/\/sckcertpolska.pl\/wp-content\/uploads\/2023\/11\/new-logo.png 400w, https:\/\/sckcertpolska.pl\/wp-content\/uploads\/2023\/11\/new-logo-300x65.png 300w\" sizes=\"(max-width: 400px) 100vw, 400px\" \/>\t\t\t\t\t\t\t\t\t\t\t\t\t\t\t<\/div>\n\t\t\t\t<\/div>\n\t\t\t\t\t<\/div>\n\t\t\t\t<\/div>\n\t\t<div class=\"elementor-element elementor-element-3158af1 e-flex e-con-boxed e-con e-parent\" data-id=\"3158af1\" data-element_type=\"container\" data-settings=\"{&quot;content_width&quot;:&quot;boxed&quot;}\" data-core-v316-plus=\"true\">\n\t\t\t\t\t<div class=\"e-con-inner\">\n\t\t\t\t<div class=\"elementor-element elementor-element-d37a3d2 elementor-widget elementor-widget-text-editor\" data-id=\"d37a3d2\" data-element_type=\"widget\" data-widget_type=\"text-editor.default\">\n\t\t\t\t<div class=\"elementor-widget-container\">\n\t\t\t<style>\/*! elementor - v3.17.0 - 01-11-2023 *\/\n.elementor-widget-text-editor.elementor-drop-cap-view-stacked .elementor-drop-cap{background-color:#69727d;color:#fff}.elementor-widget-text-editor.elementor-drop-cap-view-framed .elementor-drop-cap{color:#69727d;border:3px solid;background-color:transparent}.elementor-widget-text-editor:not(.elementor-drop-cap-view-default) .elementor-drop-cap{margin-top:8px}.elementor-widget-text-editor:not(.elementor-drop-cap-view-default) .elementor-drop-cap-letter{width:1em;height:1em}.elementor-widget-text-editor .elementor-drop-cap{float:left;text-align:center;line-height:1;font-size:50px}.elementor-widget-text-editor .elementor-drop-cap-letter{display:inline-block}<\/style>\t\t\t\t<p>QCS Certification Inc. jest cz\u0119\u015bci\u0105 Grupy Certyfikacyjnej QCS.&nbsp;Quality Conformity System (QCS) powsta\u0142 w 2016 roku jako jednostka oceniaj\u0105ca zgodno\u015b\u0107 z Regd. zzamiarem uzyskania statusu krajowej jednostki certyfikuj\u0105cej.&nbsp;QCS jest jedn\u0105 z niewielu rodzimych firm, kt\u00f3re \u015bwiadcz\u0105 us\u0142ugi na poziomie mi\u0119dzynarodowym w cenie krajowej.&nbsp;QCS jest cz\u0119\u015bci\u0105 QCS Certification Group i jest jedn\u0105 z rodzimych organizacji powo\u0142anych w celu \u015bwiadczenia wysokiej jako\u015bci us\u0142ug w zakresie certyfikacji, szkole\u0144 i inspekcji.<\/p>\n<p><strong>QCS posiada akredytacj\u0119 GACBL-US pod numerem akredytacji GACBL\/QCS\/2016\/145 dla systemu zarz\u0105dzania. Certyfikacja \u2013 ISO-9001:2015, ISO-14001:2015, ISO-22000:2018, ISO-45001:2018, ISO-13485-2016, ISO\/IEC27001:2022, ISO-50001:2018 i ISO-10002:2018.&nbsp;<\/strong><\/p>\n<p><strong>QCS jest r\u00f3wnie\u017c akredytowany przez UK-AAS (brytyjski zarz\u0105d). Numer to 06092009-27 dla systemu zarz\u0105dzania. Certyfikacja &#8211; ISO-9001:2015, ISO-14001:2015, ISO-22000:2018, ISO-45001:2018, ISO-13485-2016, ISO\/IEC27001:2022, ISO-50001:2018, ISO-10002:2018, ISO-20000-1:2018, ISO 18788:2015.&nbsp;<\/strong><\/p>\n<p><strong>Profil SYSTEM\u00d3W ZGODNO\u015aCI JAKO\u015aCI (QCS).<\/strong><\/p>\n<p>QUALITY CONFORMITY SYSTEMS (QCS) to mi\u0119dzynarodowa jednostka certyfikuj\u0105ca posiadaj\u0105ca pe\u0142noprawnego cz\u0142onka GACBL.<\/p>\n<p>Wydawanie certyfikat\u00f3w zarz\u0105dczych dla bran\u017cy\/zawod\u00f3w w r\u00f3\u017cnych dziedzinach.&nbsp;Jeste\u015bmy akredytowani przez GACBL (GLOBAL ACKREDITERING CERTIFICATION BOARD LIMITED), (USA).&nbsp;Nasze profesjonalne podej\u015bcie pomaga bran\u017cy we wdra\u017caniu obowi\u0105zuj\u0105cych standard\u00f3w zarz\u0105dzania, osi\u0105gaj\u0105c w ten spos\u00f3b doskona\u0142o\u015b\u0107 i konkurencyjno\u015b\u0107 na \u015bwiatowym poziomie.<\/p>\n<p>Jeste\u015bmy niezwykle skupieni na kliencie, oferujemy us\u0142ugi o warto\u015bci dodanej i staramy si\u0119 zapewni\u0107 firmom prawdziwe korzy\u015bci z certyfikacji.<\/p>\n<p><strong>O GACBL\/Akredytacja \u2013<\/strong><\/p>\n<p>GACBL (GLOBAL ACKREDITERING CERTIFICATION BOARD LIMITED) jest organizacj\u0105 non-profit.&nbsp;Dzia\u0142a zgodnie z odpowiednimi mi\u0119dzynarodowymi standardami i wymogami oraz zachowuje uczciwo\u015b\u0107 i bezstronno\u015b\u0107, bior\u0105c pod uwag\u0119 interes narodowy i publiczny.&nbsp;GACBL ma na celu ustanowienie niezale\u017cnego, bezstronnego i przejrzystego systemu akredytacji.&nbsp;Jako jednostka akredytuj\u0105ca non-profit, decyzje podejmowane przez GACBL nie podlegaj\u0105 \u017cadnym zobowi\u0105zaniom handlowym ani finansowym.&nbsp;GACBL cieszy si\u0119 mi\u0119dzynarodowym uznaniem i reprezentuje interesy zainteresowanych stron na forach mi\u0119dzynarodowych poprzez cz\u0142onkostwo i aktywne uczestnictwo, maj\u0105c na celu jednoczesne zapewnienie \u015brodk\u00f3w zapewniaj\u0105cych bezstronno\u015b\u0107 i obiektywno\u015b\u0107 procesu akredytacji.<\/p>\t\t\t\t\t\t<\/div>\n\t\t\t\t<\/div>\n\t\t\t\t\t<\/div>\n\t\t\t\t<\/div>\n\t\t\t\t\t\t\t<\/div>\n\t\t","protected":false},"excerpt":{"rendered":"<p>SCK CERT POLSKA jest polskim przedstawicielstwem QCS w Polsce QCS Certification Inc. jest cz\u0119\u015bci\u0105 Grupy Certyfikacyjnej QCS.&nbsp;Quality Conformity System (QCS) powsta\u0142 w 2016 roku jako jednostka oceniaj\u0105ca zgodno\u015b\u0107 z Regd. zzamiarem uzyskania statusu krajowej jednostki certyfikuj\u0105cej.&nbsp;QCS jest jedn\u0105 z niewielu rodzimych firm, kt\u00f3re \u015bwiadcz\u0105 us\u0142ugi na poziomie mi\u0119dzynarodowym w cenie krajowej.&nbsp;QCS jest cz\u0119\u015bci\u0105 QCS Certification &hellip;<\/p>\n<p class=\"read-more\"> <a class=\"\" href=\"https:\/\/sckcertpolska.pl\/?page_id=24656\"> <span class=\"screen-reader-text\">QCS<\/span> Read More &raquo;<\/a><\/p>\n","protected":false},"author":1,"featured_media":0,"parent":0,"menu_order":0,"comment_status":"closed","ping_status":"closed","template":"","meta":{"site-sidebar-layout":"no-sidebar","site-content-layout":"page-builder","ast-site-content-layout":"full-width-container","site-content-style":"default","site-sidebar-style":"default","ast-global-header-display":"","ast-banner-title-visibility":"","ast-main-header-display":"","ast-hfb-above-header-display":"","ast-hfb-below-header-display":"","ast-hfb-mobile-header-display":"","site-post-title":"disabled","ast-breadcrumbs-content":"","ast-featured-img":"disabled","footer-sml-layout":"","theme-transparent-header-meta":"","adv-header-id-meta":"","stick-header-meta":"","header-above-stick-meta":"","header-main-stick-meta":"","header-below-stick-meta":"","astra-migrate-meta-layouts":"set","ast-page-background-enabled":"default","ast-page-background-meta":{"desktop":{"background-color":"","background-image":"","background-repeat":"repeat","background-position":"center center","background-size":"auto","background-attachment":"scroll","background-type":"","background-media":"","overlay-type":"","overlay-color":"","overlay-gradient":""},"tablet":{"background-color":"","background-image":"","background-repeat":"repeat","background-position":"center center","background-size":"auto","background-attachment":"scroll","background-type":"","background-media":"","overlay-type":"","overlay-color":"","overlay-gradient":""},"mobile":{"background-color":"","background-image":"","background-repeat":"repeat","background-position":"center center","background-size":"auto","background-attachment":"scroll","background-type":"","background-media":"","overlay-type":"","overlay-color":"","overlay-gradient":""}},"ast-content-background-meta":{"desktop":{"background-color":"var(--ast-global-color-5)","background-image":"","background-repeat":"repeat","background-position":"center center","background-size":"auto","background-attachment":"scroll","background-type":"","background-media":"","overlay-type":"","overlay-color":"","overlay-gradient":""},"tablet":{"background-color":"var(--ast-global-color-5)","background-image":"","background-repeat":"repeat","background-position":"center center","background-size":"auto","background-attachment":"scroll","background-type":"","background-media":"","overlay-type":"","overlay-color":"","overlay-gradient":""},"mobile":{"background-color":"var(--ast-global-color-5)","background-image":"","background-repeat":"repeat","background-position":"center center","background-size":"auto","background-attachment":"scroll","background-type":"","background-media":"","overlay-type":"","overlay-color":"","overlay-gradient":""}},"_themeisle_gutenberg_block_has_review":false,"footnotes":""},"class_list":["post-24656","page","type-page","status-publish","hentry"],"_links":{"self":[{"href":"https:\/\/sckcertpolska.pl\/index.php?rest_route=\/wp\/v2\/pages\/24656","targetHints":{"allow":["GET"]}}],"collection":[{"href":"https:\/\/sckcertpolska.pl\/index.php?rest_route=\/wp\/v2\/pages"}],"about":[{"href":"https:\/\/sckcertpolska.pl\/index.php?rest_route=\/wp\/v2\/types\/page"}],"author":[{"embeddable":true,"href":"https:\/\/sckcertpolska.pl\/index.php?rest_route=\/wp\/v2\/users\/1"}],"replies":[{"embeddable":true,"href":"https:\/\/sckcertpolska.pl\/index.php?rest_route=%2Fwp%2Fv2%2Fcomments&post=24656"}],"version-history":[{"count":22,"href":"https:\/\/sckcertpolska.pl\/index.php?rest_route=\/wp\/v2\/pages\/24656\/revisions"}],"predecessor-version":[{"id":24687,"href":"https:\/\/sckcertpolska.pl\/index.php?rest_route=\/wp\/v2\/pages\/24656\/revisions\/24687"}],"wp:attachment":[{"href":"https:\/\/sckcertpolska.pl\/index.php?rest_route=%2Fwp%2Fv2%2Fmedia&parent=24656"}],"curies":[{"name":"wp","href":"https:\/\/api.w.org\/{rel}","templated":true}]}}